{"id":16,"date":"2016-11-05T22:04:45","date_gmt":"2016-11-05T21:04:45","guid":{"rendered":"http:\/\/www.veterinacaslav.cz\/?page_id=16"},"modified":"2017-11-29T16:25:27","modified_gmt":"2017-11-29T15:25:27","slug":"spolupracujeme","status":"publish","type":"page","link":"https:\/\/www.veterinacaslav.cz\/?page_id=16","title":{"rendered":"Spolupracujeme"},"content":{"rendered":"<p>MVDr. Jarom\u00edr \u0160tursa \u2013\u00a0 <a href=\"http:\/\/www.veterinahb.cz\">www.veterinahb.cz<\/a><\/p>\n<p>MVDr. Vilma Hypsk\u00e1 \u2013 <a href=\"http:\/\/www.vivavet.cz\">www.vivavet.cz<\/a><\/p>\n<div class=\"entry\">MVDr.Luk\u00e1\u0161 P\u00e1nek \u2013 <a href=\"http:\/\/www.veterinarni-klinika-kolin.cz\">www.veterinarni-klinika-kolin.cz<\/a><\/div>\n<div class=\"entry\">Klinika Jaggy\u00a0<a href=\"http:\/\/www.jaggy.cz\"> www.jaggy.cz <\/a><\/div>\n<div class=\"entry\">SV\u00da Praha Lysolaje<\/div>\n<div class=\"entry\">Vedilab Plze\u0148<\/div>\n<div class=\"entry\">Klinlab Praha<\/div>\n<div class=\"entry\">laborato\u0159e Nemocice \u010c\u00e1slav<\/div>\n<div class=\"entry\">Laboklin N\u011bmecko<\/div>\n<div class=\"entry\">Idexx Rakousko<\/div>\n<div class=\"entry\">v p\u0159ipad\u011b na\u0161\u00ed nedostupnosti i nedostupnosti spolupracuj\u00edc\u00edch za\u0159\u00edzen\u00ed:<\/div>\n<div class=\"entry\">nep\u0159etr\u017eit\u00e1 pohotovostn\u00ed veterin\u00e1rn\u00ed slu\u017eba:<\/div>\n<div class=\"entry\">\u00a0\u00a0\u00a0\u00a0\u00a0\u00a0\u00a0\u00a0\u00a0\u00a0\u00a0\u00a0\u00a0\u00a0\u00a0\u00a0\u00a0\u00a0 Veterin\u00e1rn\u00ed nemocnice \u010cesk\u00fd Brod\u00a0 www.vetnem.cz<\/div>\n<div class=\"entry\">\u00a0\u00a0\u00a0\u00a0\u00a0\u00a0\u00a0\u00a0\u00a0\u00a0\u00a0\u00a0\u00a0\u00a0\u00a0\u00a0\u00a0\u00a0 Veterin\u00e1rn\u00ed nemocnice Aesculap Pardubice www.veterina-aesculap.cz<cite class=\"_Rm\"> <\/cite><\/div>\n<div class=\"entry\">\u00a0\u00a0\u00a0\u00a0\u00a0\u00a0\u00a0\u00a0\u00a0\u00a0\u00a0\u00a0\u00a0\u00a0\u00a0\u00a0\u00a0\u00a0 Klinika Jaggy\u00a0<a href=\"http:\/\/www.jaggy.cz\"> www.jaggy.cz <\/a><\/div>\n","protected":false},"excerpt":{"rendered":"<p>MVDr. Jarom\u00edr \u0160tursa \u2013\u00a0 www.veterinahb.cz MVDr. Vilma Hypsk\u00e1 \u2013 www.vivavet.cz MVDr.Luk\u00e1\u0161 P\u00e1nek \u2013 www.veterinarni-klinika-kolin.cz Klinika Jaggy\u00a0 www.jaggy.cz SV\u00da Praha Lysolaje Vedilab Plze\u0148 Klinlab Praha laborato\u0159e Nemocice \u010c\u00e1slav Laboklin N\u011bmecko Idexx Rakousko v p\u0159ipad\u011b na\u0161\u00ed nedostupnosti i nedostupnosti spolupracuj\u00edc\u00edch za\u0159\u00edzen\u00ed: nep\u0159etr\u017eit\u00e1&#8230; <a href=\"https:\/\/www.veterinacaslav.cz\/?page_id=16\" class=\"readmore\">Read more<span class=\"screen-reader-text\">Spolupracujeme<\/span><span class=\"fa fa-angle-double-right\" aria-hidden=\"true\"><\/span><\/a><\/p>\n","protected":false},"author":1,"featured_media":0,"parent":0,"menu_order":0,"comment_status":"closed","ping_status":"closed","template":"","meta":{"footnotes":""},"class_list":["post-16","page","type-page","status-publish","hentry"],"_links":{"self":[{"href":"https:\/\/www.veterinacaslav.cz\/index.php?rest_route=\/wp\/v2\/pages\/16","targetHints":{"allow":["GET"]}}],"collection":[{"href":"https:\/\/www.veterinacaslav.cz\/index.php?rest_route=\/wp\/v2\/pages"}],"about":[{"href":"https:\/\/www.veterinacaslav.cz\/index.php?rest_route=\/wp\/v2\/types\/page"}],"author":[{"embeddable":true,"href":"https:\/\/www.veterinacaslav.cz\/index.php?rest_route=\/wp\/v2\/users\/1"}],"replies":[{"embeddable":true,"href":"https:\/\/www.veterinacaslav.cz\/index.php?rest_route=%2Fwp%2Fv2%2Fcomments&post=16"}],"version-history":[{"count":11,"href":"https:\/\/www.veterinacaslav.cz\/index.php?rest_route=\/wp\/v2\/pages\/16\/revisions"}],"predecessor-version":[{"id":612,"href":"https:\/\/www.veterinacaslav.cz\/index.php?rest_route=\/wp\/v2\/pages\/16\/revisions\/612"}],"wp:attachment":[{"href":"https:\/\/www.veterinacaslav.cz\/index.php?rest_route=%2Fwp%2Fv2%2Fmedia&parent=16"}],"curies":[{"name":"wp","href":"https:\/\/api.w.org\/{rel}","templated":true}]}}