{"id":206,"date":"2017-01-10T00:10:55","date_gmt":"2017-01-09T23:10:55","guid":{"rendered":"http:\/\/www.veterinacaslav.cz\/?page_id=206"},"modified":"2017-02-10T15:31:51","modified_gmt":"2017-02-10T14:31:51","slug":"galerie","status":"publish","type":"page","link":"https:\/\/www.veterinacaslav.cz\/?page_id=206","title":{"rendered":"Fotogalerie"},"content":{"rendered":"<h3 style=\"text-align: center;\">Fotogalerie &#8211; klik na n\u00e1zev otev\u0159e sn\u00edmky<\/h3>\n<p><img loading=\"lazy\" decoding=\"async\" class=\"wp-image-52 aligncenter\" src=\"http:\/\/www.veterinacaslav.cz\/wp-content\/uploads\/2017\/01\/Bardot-z-Hedvi\u010d\u010dina-\u00fadol\u00ed-a-jej\u00ed-\u0161t\u011b\u0148\u00e1tka1-300x225.jpg\" alt=\"\" width=\"245\" height=\"184\" srcset=\"https:\/\/www.veterinacaslav.cz\/wp-content\/uploads\/2017\/01\/Bardot-z-Hedvi\u010d\u010dina-\u00fadol\u00ed-a-jej\u00ed-\u0161t\u011b\u0148\u00e1tka1-300x225.jpg 300w, https:\/\/www.veterinacaslav.cz\/wp-content\/uploads\/2017\/01\/Bardot-z-Hedvi\u010d\u010dina-\u00fadol\u00ed-a-jej\u00ed-\u0161t\u011b\u0148\u00e1tka1-768x576.jpg 768w, https:\/\/www.veterinacaslav.cz\/wp-content\/uploads\/2017\/01\/Bardot-z-Hedvi\u010d\u010dina-\u00fadol\u00ed-a-jej\u00ed-\u0161t\u011b\u0148\u00e1tka1-1024x768.jpg 1024w\" sizes=\"auto, (max-width: 245px) 100vw, 245px\" \/><\/p>\n<p style=\"text-align: center;\"><a href=\"http:\/\/www.veterinacaslav.cz\/?page_id=301\">Ortopedie<\/a><\/p>\n<p style=\"text-align: center;\"><img loading=\"lazy\" decoding=\"async\" class=\"alignnone wp-image-307\" src=\"http:\/\/www.veterinacaslav.cz\/wp-content\/uploads\/2017\/02\/LCC-chronick\u00e1-ruptura-p\u0159edn\u00edho-zk\u0159\u00ed\u017een\u00e9ho-vazu-p\u0159edopera\u010dn\u00ed-RTG-poopera\u010dn\u00ed-sn\u00edmek-metoda-TTA-rapid-300x216.jpg\" alt=\"\" width=\"97\" height=\"70\" srcset=\"https:\/\/www.veterinacaslav.cz\/wp-content\/uploads\/2017\/02\/LCC-chronick\u00e1-ruptura-p\u0159edn\u00edho-zk\u0159\u00ed\u017een\u00e9ho-vazu-p\u0159edopera\u010dn\u00ed-RTG-poopera\u010dn\u00ed-sn\u00edmek-metoda-TTA-rapid-300x216.jpg 300w, https:\/\/www.veterinacaslav.cz\/wp-content\/uploads\/2017\/02\/LCC-chronick\u00e1-ruptura-p\u0159edn\u00edho-zk\u0159\u00ed\u017een\u00e9ho-vazu-p\u0159edopera\u010dn\u00ed-RTG-poopera\u010dn\u00ed-sn\u00edmek-metoda-TTA-rapid-768x554.jpg 768w, https:\/\/www.veterinacaslav.cz\/wp-content\/uploads\/2017\/02\/LCC-chronick\u00e1-ruptura-p\u0159edn\u00edho-zk\u0159\u00ed\u017een\u00e9ho-vazu-p\u0159edopera\u010dn\u00ed-RTG-poopera\u010dn\u00ed-sn\u00edmek-metoda-TTA-rapid-1024x738.jpg 1024w, https:\/\/www.veterinacaslav.cz\/wp-content\/uploads\/2017\/02\/LCC-chronick\u00e1-ruptura-p\u0159edn\u00edho-zk\u0159\u00ed\u017een\u00e9ho-vazu-p\u0159edopera\u010dn\u00ed-RTG-poopera\u010dn\u00ed-sn\u00edmek-metoda-TTA-rapid.jpg 1200w\" sizes=\"auto, (max-width: 97px) 100vw, 97px\" \/><\/p>\n<p style=\"text-align: center;\"><a href=\"http:\/\/www.veterinacaslav.cz\/?page_id=318\">Ordinace<\/a><\/p>\n<p style=\"text-align: center;\"><a href=\"http:\/\/www.veterinacaslav.cz\/?page_id=345\">Pacienti<\/a><\/p>\n<p style=\"text-align: center;\"><a href=\"http:\/\/www.veterinacaslav.cz\/?page_id=355\">Reprodukce<\/a><\/p>\n<p style=\"text-align: center;\"><img loading=\"lazy\" decoding=\"async\" class=\"alignnone wp-image-179\" src=\"http:\/\/www.veterinacaslav.cz\/wp-content\/uploads\/2017\/01\/USG-diagnostika-gravidity-u-kocky-300x298.jpg\" alt=\"\" width=\"92\" height=\"91\" srcset=\"https:\/\/www.veterinacaslav.cz\/wp-content\/uploads\/2017\/01\/USG-diagnostika-gravidity-u-kocky-300x298.jpg 300w, https:\/\/www.veterinacaslav.cz\/wp-content\/uploads\/2017\/01\/USG-diagnostika-gravidity-u-kocky-150x150.jpg 150w, https:\/\/www.veterinacaslav.cz\/wp-content\/uploads\/2017\/01\/USG-diagnostika-gravidity-u-kocky-768x763.jpg 768w, https:\/\/www.veterinacaslav.cz\/wp-content\/uploads\/2017\/01\/USG-diagnostika-gravidity-u-kocky-1024x1017.jpg 1024w\" sizes=\"auto, (max-width: 92px) 100vw, 92px\" \/><\/p>\n<p style=\"text-align: center;\"><a href=\"http:\/\/www.veterinacaslav.cz\/?page_id=361\">Srdce a pl\u00edce<\/a><\/p>\n<p style=\"text-align: center;\"><a href=\"http:\/\/www.veterinacaslav.cz\/?page_id=396\">Tr\u00e1v\u00edc\u00ed trakt<\/a><\/p>\n<p style=\"text-align: center;\"><a href=\"http:\/\/www.veterinacaslav.cz\/?page_id=400\">Tumory<\/a><\/p>\n<p style=\"text-align: center;\"><img loading=\"lazy\" decoding=\"async\" class=\"alignnone wp-image-125\" src=\"http:\/\/www.veterinacaslav.cz\/wp-content\/uploads\/2017\/01\/ileus-nador-tenkeho-st-eva-300x182.jpg\" alt=\"\" width=\"129\" height=\"78\" srcset=\"https:\/\/www.veterinacaslav.cz\/wp-content\/uploads\/2017\/01\/ileus-nador-tenkeho-st-eva-300x182.jpg 300w, https:\/\/www.veterinacaslav.cz\/wp-content\/uploads\/2017\/01\/ileus-nador-tenkeho-st-eva.jpg 542w\" sizes=\"auto, (max-width: 129px) 100vw, 129px\" \/><\/p>\n<p style=\"text-align: center;\"><a href=\"http:\/\/www.veterinacaslav.cz\/?page_id=405\">Urolity<\/a><\/p>\n<p style=\"text-align: center;\"><a href=\"http:\/\/www.veterinacaslav.cz\/?page_id=394\">Vybaven\u00ed<\/a><\/p>\n","protected":false},"excerpt":{"rendered":"<p>Fotogalerie &#8211; klik na n\u00e1zev otev\u0159e sn\u00edmky Ortopedie Ordinace Pacienti Reprodukce Srdce a pl\u00edce Tr\u00e1v\u00edc\u00ed trakt Tumory Urolity Vybaven\u00ed<\/p>\n","protected":false},"author":1,"featured_media":0,"parent":0,"menu_order":0,"comment_status":"closed","ping_status":"closed","template":"template\/full-width.php","meta":{"footnotes":""},"class_list":["post-206","page","type-page","status-publish","hentry"],"_links":{"self":[{"href":"https:\/\/www.veterinacaslav.cz\/index.php?rest_route=\/wp\/v2\/pages\/206","targetHints":{"allow":["GET"]}}],"collection":[{"href":"https:\/\/www.veterinacaslav.cz\/index.php?rest_route=\/wp\/v2\/pages"}],"about":[{"href":"https:\/\/www.veterinacaslav.cz\/index.php?rest_route=\/wp\/v2\/types\/page"}],"author":[{"embeddable":true,"href":"https:\/\/www.veterinacaslav.cz\/index.php?rest_route=\/wp\/v2\/users\/1"}],"replies":[{"embeddable":true,"href":"https:\/\/www.veterinacaslav.cz\/index.php?rest_route=%2Fwp%2Fv2%2Fcomments&post=206"}],"version-history":[{"count":20,"href":"https:\/\/www.veterinacaslav.cz\/index.php?rest_route=\/wp\/v2\/pages\/206\/revisions"}],"predecessor-version":[{"id":560,"href":"https:\/\/www.veterinacaslav.cz\/index.php?rest_route=\/wp\/v2\/pages\/206\/revisions\/560"}],"wp:attachment":[{"href":"https:\/\/www.veterinacaslav.cz\/index.php?rest_route=%2Fwp%2Fv2%2Fmedia&parent=206"}],"curies":[{"name":"wp","href":"https:\/\/api.w.org\/{rel}","templated":true}]}}