{"id":258,"date":"2017-01-25T15:28:05","date_gmt":"2017-01-25T14:28:05","guid":{"rendered":"http:\/\/www.veterinacaslav.cz\/?page_id=258"},"modified":"2017-01-25T15:28:05","modified_gmt":"2017-01-25T14:28:05","slug":"posgradualni-studium-ppv","status":"publish","type":"page","link":"https:\/\/www.veterinacaslav.cz\/?page_id=258","title":{"rendered":"Posgradu\u00e1ln\u00ed studium PPV"},"content":{"rendered":"<p><strong>ABSOLVOVAN\u00c9 VZD\u011aL\u00c1VAC\u00cd AKCE A SEMIN\u00c1\u0158E:<\/strong><\/p>\n<p><strong>MVDr. Pavl\u00edna P\u00e1nkov\u00e1 V\u00e1\u0148ov\u00e1<\/strong><\/p>\n<p>7.4.2001 <strong>Farmakoterapie a jej\u00ed negativn\u00ed vlivy<\/strong><\/p>\n<p>2003 <strong>Otitidy a mo\u017enosti jejich chirurgick\u00e9ho \u0159e\u0161en\u00ed<\/strong><\/p>\n<p>26.-27.4.2003 Rentgenologick\u00fd semin\u00e1\u0159 \u2013 <strong>RTG dutiny hrudn\u00ed<\/strong><\/p>\n<p>3.5.2003 Chirurgie m\u011bkk\u00fdch tk\u00e1n\u00ed \u2013 <strong>Rekonstruk\u010dn\u00ed chirurgie<\/strong><\/p>\n<p>15.\u201316.11 2003 Konference \u010cAVLMZ \u2013 <strong>Gynekologie a porodnictv\u00ed<\/strong><\/p>\n<p>25.9.2004 Mezin\u00e1rodn\u00ed neurochirurgick\u00fd kongres \u2013 <strong>Onemocn\u011bn\u00ed kr\u010dn\u00ed p\u00e1te\u0159e a jejich chirurgick\u00e1 l\u00e9\u010dba<\/strong><\/p>\n<p>23.\u201324.10.2004 Konference \u010cAVLMZ \u2013 <strong>Uroliti\u00e1za<\/strong><\/p>\n<p>26.\u201327.2.2005 Mezin\u00e1rodn\u00ed ortopedick\u00fd kongres a praktick\u00fd kurz \u2013 <strong>Chirurgick\u00e1 l\u00e9\u010dba zlomenin<\/strong><\/p>\n<p>8.\u20139.4.2005 <strong>Gastroenterologie, etologie a nov\u00fd p\u0159\u00edstup k&nbsp;pacient\u016fm<\/strong><\/p>\n<p>23.4.2005 Mezin\u00e1rodn\u00ed chirurgick\u00fd kongres \u2013 <strong>Operace pohlavn\u00edch org\u00e1n\u016f, endokrinn\u00edho syst\u00e9mu a sleziny<\/strong><\/p>\n<p>14.-15.2005 <strong>Ultrasonografie mal\u00fdch zv\u00ed\u0159at II<\/strong> s&nbsp;praktick\u00fdm kurzem<\/p>\n<p>11.6.2005 P\u00e9\u010de o urgentn\u00edho pacienta \u2013 <strong>Emergency Care<\/strong><\/p>\n<p>22.\u201323.10.2005 Konference \u010cAVLMZ<\/p>\n<p>4-5.2.2006 1. Mezin\u00e1rodn\u00ed kongres zobrazovac\u00edch metod \u2013 <strong>Zobrazovac\u00ed metody v&nbsp;diagnostice onem. dutiny b\u0159i\u0161n\u00ed \u2013 gastrointestin\u00e1ln\u00ed syst\u00e9m<\/strong><\/p>\n<p>12.1.2008 <strong>RTG vy\u0161et\u0159en\u00ed dutiny b\u0159i\u0161n\u00ed psa a ko\u010dky<\/strong><\/p>\n<p>12.4.2008 <strong>Onkologie pro praktick\u00e9ho veterin\u00e1rn\u00edho l\u00e9ka\u0159e<\/strong><\/p>\n<p>28.\u201329.3.2009 <strong>Neurologie<\/strong> pro praktick\u00e9ho veterin\u00e1rn\u00edho l\u00e9ka\u0159e II.<\/p>\n<p>24.\u2013 25.10.2009 Konference \u010cAVLMZ \u2013 <strong>Chyby a omyly v&nbsp;mal\u00e9 praxi<\/strong><\/p>\n<p>17.4.2010 <strong>Neurologie<\/strong> pro praktick\u00e9ho veterin\u00e1rn\u00edho l\u00e9ka\u0159e III.<\/p>\n<p>9-10.10.2010 Konference \u010cAVLMZ \u2013 <strong>Nej\u010dast\u011bj\u0161\u00ed chyby a omyly v&nbsp;onkologii mal\u00fdch zv\u00ed\u0159a<\/strong>t<\/p>\n<p>8\u20139.10.2011 Konference \u010cAVLMZ \u2013 <strong>Endokrinologie \u2013 to, co opravdu mus\u00edte zn\u00e1t!<\/strong><\/p>\n<p>14.4.2012 <strong>Drobn\u00e1 zv\u00ed\u0159ata, exoti a dravci<\/strong>: nej\u010dast\u011bj\u0161\u00ed probl\u00e9my, kter\u00e9 majitele p\u0159iv\u00e1d\u00ed k&nbsp;veterin\u00e1\u0159i.<\/p>\n<p>13-14.10.2012 Konference \u010cAVLMZ \u2013 <strong>Kaud\u00e1ln\u00ed abdomen z&nbsp;pohledu internisty i chirurga<\/strong><\/p>\n<p>7.11.2012 <strong>Klinick\u00e1 sonografie dutiny b\u0159i\u0161n\u00ed pro pokro\u010dil\u00e9<\/strong><\/p>\n<p>13.4.2013<strong> Drobn\u00ed savci, pt\u00e1ci, plazi: <\/strong>z\u00e1ludnosti diagnostiky a terapie<\/p>\n<p>12\u201313.10.2013 Konference \u010cAVLMZ \u2013 <strong>Preventivn\u00ed programy b\u011bhem \u017eivota psa a ko\u010dky<\/strong><\/p>\n<p><strong>&nbsp;&nbsp;&nbsp;&nbsp;&nbsp;&nbsp;&nbsp;&nbsp;&nbsp;&nbsp;&nbsp;&nbsp;&nbsp;&nbsp;&nbsp;&nbsp;&nbsp;&nbsp;&nbsp;&nbsp;&nbsp;&nbsp;&nbsp;&nbsp;&nbsp;&nbsp;&nbsp;&nbsp;&nbsp;&nbsp;&nbsp;&nbsp; <\/strong>(Od porodu p\u0159es kvalitn\u00ed st\u00e1\u0159\u00ed a\u017e po d\u016fstojn\u00fd konec \u017eivota.)<\/p>\n<p>1.1.2014 Spln\u011bn\u00ed podm\u00ednek kontinu\u00e1ln\u00edho vzd\u011bl\u00e1v\u00e1n\u00ed KVL \u010cR \u2013 platnost do 31. 12. 2016<\/p>\n<p>12.4.2014 <strong>Pulmologie pro klinickou praxi<\/strong><\/p>\n<p>11.\u201312.10.2014 Konference \u010cAVLMZ \u2013 <strong>Nov\u00e9 sm\u011bry v&nbsp;dermatologii a otologii<\/strong><\/p>\n<p>10. \u2013 11. 10. 2015 Konference \u010cAVLMZ \u2013 <strong>Ko\u010di\u010d\u00ed medic\u00edna<\/strong><\/p>\n<p>9. 4. 2016 <strong>Srde\u010dn\u00ed \u0161elesty s Prof. Adrianem Boswoodem<\/strong><\/p>\n<p>9. 4. 2016 Spln\u011bn\u00ed podm\u00ednek kontinu\u00e1ln\u00edho vzd\u011bl\u00e1v\u00e1n\u00ed KVL \u010cR \u2013 platnost do&nbsp; 2018<\/p>\n<p>15. \u2013 16. 10. 2016 VETclasses 2016 \u2013 <strong>Gastroenterologie a chirurgie abdomenu<\/strong><\/p>\n","protected":false},"excerpt":{"rendered":"<p>ABSOLVOVAN\u00c9 VZD\u011aL\u00c1VAC\u00cd AKCE A SEMIN\u00c1\u0158E: MVDr. Pavl\u00edna P\u00e1nkov\u00e1 V\u00e1\u0148ov\u00e1 7.4.2001 Farmakoterapie a jej\u00ed negativn\u00ed vlivy 2003 Otitidy a mo\u017enosti jejich chirurgick\u00e9ho \u0159e\u0161en\u00ed 26.-27.4.2003 Rentgenologick\u00fd semin\u00e1\u0159 \u2013 RTG dutiny hrudn\u00ed 3.5.2003 Chirurgie m\u011bkk\u00fdch tk\u00e1n\u00ed \u2013 Rekonstruk\u010dn\u00ed chirurgie 15.\u201316.11 2003 Konference \u010cAVLMZ&#8230; <a href=\"https:\/\/www.veterinacaslav.cz\/?page_id=258\" class=\"readmore\">Read more<span class=\"screen-reader-text\">Posgradu\u00e1ln\u00ed studium PPV<\/span><span class=\"fa fa-angle-double-right\" aria-hidden=\"true\"><\/span><\/a><\/p>\n","protected":false},"author":1,"featured_media":0,"parent":0,"menu_order":0,"comment_status":"closed","ping_status":"closed","template":"","meta":{"footnotes":""},"class_list":["post-258","page","type-page","status-publish","hentry"],"_links":{"self":[{"href":"https:\/\/www.veterinacaslav.cz\/index.php?rest_route=\/wp\/v2\/pages\/258","targetHints":{"allow":["GET"]}}],"collection":[{"href":"https:\/\/www.veterinacaslav.cz\/index.php?rest_route=\/wp\/v2\/pages"}],"about":[{"href":"https:\/\/www.veterinacaslav.cz\/index.php?rest_route=\/wp\/v2\/types\/page"}],"author":[{"embeddable":true,"href":"https:\/\/www.veterinacaslav.cz\/index.php?rest_route=\/wp\/v2\/users\/1"}],"replies":[{"embeddable":true,"href":"https:\/\/www.veterinacaslav.cz\/index.php?rest_route=%2Fwp%2Fv2%2Fcomments&post=258"}],"version-history":[{"count":1,"href":"https:\/\/www.veterinacaslav.cz\/index.php?rest_route=\/wp\/v2\/pages\/258\/revisions"}],"predecessor-version":[{"id":259,"href":"https:\/\/www.veterinacaslav.cz\/index.php?rest_route=\/wp\/v2\/pages\/258\/revisions\/259"}],"wp:attachment":[{"href":"https:\/\/www.veterinacaslav.cz\/index.php?rest_route=%2Fwp%2Fv2%2Fmedia&parent=258"}],"curies":[{"name":"wp","href":"https:\/\/api.w.org\/{rel}","templated":true}]}}