{"id":4,"date":"2016-11-05T21:36:42","date_gmt":"2016-11-05T20:36:42","guid":{"rendered":"http:\/\/www.veterinacaslav.cz\/?page_id=4"},"modified":"2018-07-13T14:05:00","modified_gmt":"2018-07-13T13:05:00","slug":"uvod","status":"publish","type":"page","link":"https:\/\/www.veterinacaslav.cz\/","title":{"rendered":""},"content":{"rendered":"<h2 style=\"text-align: center;\"><span class=\"fs20\"><span class=\"ff1 cf0\">Dobr\u00fd den, v\u00edtejte na str\u00e1nk\u00e1ch <\/span><\/span><strong>veterin\u00e1rn\u00ed kliniky v \u010c\u00e1slavi<\/strong>.<\/h2>\n<address>\u00a0<img loading=\"lazy\" decoding=\"async\" class=\"alignnone size-medium wp-image-347 aligncenter\" src=\"http:\/\/www.veterinacaslav.cz\/wp-content\/uploads\/2017\/02\/022-300x200.jpg\" alt=\"\" width=\"300\" height=\"200\" srcset=\"https:\/\/www.veterinacaslav.cz\/wp-content\/uploads\/2017\/02\/022-300x200.jpg 300w, https:\/\/www.veterinacaslav.cz\/wp-content\/uploads\/2017\/02\/022-768x512.jpg 768w, https:\/\/www.veterinacaslav.cz\/wp-content\/uploads\/2017\/02\/022-1024x683.jpg 1024w, https:\/\/www.veterinacaslav.cz\/wp-content\/uploads\/2017\/02\/022.jpg 1200w\" sizes=\"auto, (max-width: 300px) 100vw, 300px\" \/><\/address>\n<address>\u00a0<\/address>\n<address>\n<address><span class=\"fs20\"><span class=\"ff1 cf0\">Najdete n\u00e1s pobl\u00ed\u017e St\u0159edn\u00ed zem\u011bd<\/span><\/span><span class=\"fs20\"><span class=\"ff1 cf0\">\u011blsk\u00e9 \u0161koly v \u010d\u00e1slavsk\u00e9 \u010dtvrti <strong>\u010ceplov<\/strong>, na jej\u00ed hlav<\/span><\/span><span class=\"fs20\"><span class=\"ff1 cf0\">n\u00ed prob\u00edhaj\u00edc\u00ed ulici <strong>Zahradn\u00ed 1363<\/strong>. Jsme mode<\/span><\/span><span class=\"fs20\"><span class=\"ff1 cf0\">rn\u00ed pracovi\u0161t\u011b s n\u011bkolikaletou tradic\u00ed. Na\u0161e veterin<\/span><\/span><span class=\"fs20\"><span class=\"ff1 cf0\">\u00e1rn\u00ed klinika poskytuje veterin\u00e1rn\u00ed slu\u017eby ji\u017e <strong>od roku 2003<\/strong>.<\/span><\/span><\/address>\n<address>\u00a0N\u00e1\u0161 kolektiv V\u00e1m nab\u00edz\u00ed osobn\u00ed p\u0159\u00edstup, vysokou \u00farove\u0148 p\u00e9\u010de o zdrav\u00ed na\u0161ich pacient\u016f &#8211; specializujeme se na nemoci <strong>ps\u016f<\/strong> a <strong>ko\u010dek<\/strong>, p\u0159\u00edjemn\u00e9 prost\u0159ed\u00ed a nadstandartn\u00ed vybaven\u00ed na\u0161\u00ed kliniky. Vych\u00e1z\u00edme z mnohalet\u00fdch zku\u0161enost\u00ed neust\u00e1le dopl\u0148ovan\u00fdch samostudiem a \u00fa\u010dast\u00ed na semin\u00e1\u0159\u00edch a kongresech, neust\u00e1le aktualizujeme a dopl\u0148ujeme na\u0161e vybaven\u00ed. T\u00edm v\u0161\u00edm zvy\u0161ujeme \u00farove\u0148 <strong>prevence, diagnostiky a terapie<\/strong> &#8211; jak intern\u00ed tak chirurgick\u00e9.<br \/>\nP\u0159ejeme si, abyste se u n\u00e1s c\u00edtili dob\u0159e, abyste rozum\u011bli, co se s Va\u0161\u00edm zv\u00ed\u0159etem d\u011bje tak, abyste mohli zodpov\u011bdn\u011b spolupracovat v jeho prosp\u011bch. Vz\u00e1jemn\u00e1 d\u016fv\u011bra a vst\u0159\u00edcnost jsou p\u0159edpokladem dobr\u00e9 spolupr\u00e1ce, co\u017e znamen\u00e1 del\u0161\u00ed, spokojen\u011bj\u0161\u00ed a plnohodnotn\u011bj\u0161\u00ed \u017eivot va\u0161eho mil\u00e1\u010dka.<\/address>\n<\/address>\n<address>\n<address>\u00a0Na celkov\u00e9 plo\u0161e 150 m2 u n\u00e1s najdete prostornou \u010dek\u00e1rnu, ordinaci pro ambulantn\u00ed o\u0161et\u0159en\u00ed, chirurgick\u00fd s\u00e1l I s um\u00edst\u011bn\u00fdm RTG p\u0159\u00edstrojem, odd\u011blen\u00fd opera\u010dn\u00ed s\u00e1l II pro kostn\u00ed chirurgii, hospitalizaci \u2013 kde pro z\u00e1va\u017en\u00e9 p\u0159\u00edpady poskytujeme rovn\u011b\u017e 24hodinovou p\u00e9\u010di v hospitaliza\u010dn\u00edch boxech, temnou komoru + laborato\u0159, sklady a na\u0161e z\u00e1zem\u00ed.<\/address>\n<\/address>\n<address>\n<address>Po telefonick\u00e9 domluv\u011b je mo\u017en\u00e1 n\u00e1v\u0161t\u011bva doma, ale aby bylo mo\u017eno nab\u00eddnout plnohodnotn\u00e9 o\u0161et\u0159en\u00ed s vyu\u017eit\u00edm z\u00e1zem\u00ed kliniky, b\u00fdv\u00e1 ve v\u011bt\u0161in\u011b p\u0159\u00edpad\u016f nezbytn\u00e9 o\u0161et\u0159en\u00ed na klinice.<\/address>\n<address>\u00a0Po p\u0159est\u011bhov\u00e1n\u00ed v roce <strong>2007<\/strong> do nov\u00fdch zrekonstruovan\u00fdch prostor na nyn\u011bj\u0161\u00ed adrese disponujeme vlastn\u00edmi <strong>parkovac\u00edmi m\u00edsty<\/strong> p\u0159\u00edmo p\u0159ed klinikou.<\/address>\n<address>\n<address>\u00a0<img loading=\"lazy\" decoding=\"async\" class=\"size-medium wp-image-340 aligncenter\" src=\"http:\/\/www.veterinacaslav.cz\/wp-content\/uploads\/2017\/02\/VETERINAu-300x199.jpg\" alt=\"\" width=\"300\" height=\"199\" srcset=\"https:\/\/www.veterinacaslav.cz\/wp-content\/uploads\/2017\/02\/VETERINAu-300x199.jpg 300w, https:\/\/www.veterinacaslav.cz\/wp-content\/uploads\/2017\/02\/VETERINAu-768x510.jpg 768w, https:\/\/www.veterinacaslav.cz\/wp-content\/uploads\/2017\/02\/VETERINAu-1024x680.jpg 1024w, https:\/\/www.veterinacaslav.cz\/wp-content\/uploads\/2017\/02\/VETERINAu.jpg 1200w\" sizes=\"auto, (max-width: 300px) 100vw, 300px\" \/><\/address>\n<\/address>\n<h3 style=\"text-align: center;\">Jsme tu proto, aby zv\u00ed\u0159ec\u00ed kamar\u00e1d byl p\u0159\u00edtelem v\u00e1m a vy partnerem jemu.<\/h3>\n<\/address>\n","protected":false},"excerpt":{"rendered":"<p>Dobr\u00fd den, v\u00edtejte na str\u00e1nk\u00e1ch veterin\u00e1rn\u00ed kliniky v \u010c\u00e1slavi. \u00a0 \u00a0 Najdete n\u00e1s pobl\u00ed\u017e St\u0159edn\u00ed zem\u011bd\u011blsk\u00e9 \u0161koly v \u010d\u00e1slavsk\u00e9 \u010dtvrti \u010ceplov, na jej\u00ed hlavn\u00ed prob\u00edhaj\u00edc\u00ed ulici Zahradn\u00ed 1363. Jsme modern\u00ed pracovi\u0161t\u011b s n\u011bkolikaletou tradic\u00ed. Na\u0161e veterin\u00e1rn\u00ed klinika poskytuje veterin\u00e1rn\u00ed slu\u017eby&#8230; <a href=\"https:\/\/www.veterinacaslav.cz\/\" class=\"readmore\">Read more<span class=\"screen-reader-text\"><\/span><span class=\"fa fa-angle-double-right\" aria-hidden=\"true\"><\/span><\/a><\/p>\n","protected":false},"author":1,"featured_media":0,"parent":0,"menu_order":0,"comment_status":"closed","ping_status":"closed","template":"","meta":{"footnotes":""},"class_list":["post-4","page","type-page","status-publish","hentry"],"_links":{"self":[{"href":"https:\/\/www.veterinacaslav.cz\/index.php?rest_route=\/wp\/v2\/pages\/4","targetHints":{"allow":["GET"]}}],"collection":[{"href":"https:\/\/www.veterinacaslav.cz\/index.php?rest_route=\/wp\/v2\/pages"}],"about":[{"href":"https:\/\/www.veterinacaslav.cz\/index.php?rest_route=\/wp\/v2\/types\/page"}],"author":[{"embeddable":true,"href":"https:\/\/www.veterinacaslav.cz\/index.php?rest_route=\/wp\/v2\/users\/1"}],"replies":[{"embeddable":true,"href":"https:\/\/www.veterinacaslav.cz\/index.php?rest_route=%2Fwp%2Fv2%2Fcomments&post=4"}],"version-history":[{"count":20,"href":"https:\/\/www.veterinacaslav.cz\/index.php?rest_route=\/wp\/v2\/pages\/4\/revisions"}],"predecessor-version":[{"id":676,"href":"https:\/\/www.veterinacaslav.cz\/index.php?rest_route=\/wp\/v2\/pages\/4\/revisions\/676"}],"wp:attachment":[{"href":"https:\/\/www.veterinacaslav.cz\/index.php?rest_route=%2Fwp%2Fv2%2Fmedia&parent=4"}],"curies":[{"name":"wp","href":"https:\/\/api.w.org\/{rel}","templated":true}]}}