{"id":7,"date":"2016-11-05T21:59:50","date_gmt":"2016-11-05T20:59:50","guid":{"rendered":"http:\/\/www.veterinacaslav.cz\/?page_id=7"},"modified":"2017-11-29T16:48:14","modified_gmt":"2017-11-29T15:48:14","slug":"nas-tym-a-kontakty","status":"publish","type":"page","link":"https:\/\/www.veterinacaslav.cz\/?page_id=7","title":{"rendered":"N\u00e1\u0161 t\u00fdm a kontakty"},"content":{"rendered":"<h3 class=\"page-title\"><strong>Person\u00e1l na\u0161\u00ed kliniky<\/strong><\/h3>\n<div class=\"entry\">\n<p><span class=\"fs20\"><span class=\"ff1 cf0\"> MVDr. Pavl\u00edna P\u00e1nkov\u00e1 V\u00e1\u0148ov\u00e1 \u2013 <a title=\"Posgradu\u00e1ln\u00ed studium PPV\" href=\"http:\/\/www.veterinacaslav.cz\/?page_id=258\">Postgradu\u00e1lni studium zde<\/a><\/span><\/span><\/p>\n<p><img loading=\"lazy\" decoding=\"async\" class=\"size-medium wp-image-602\" src=\"http:\/\/www.veterinacaslav.cz\/wp-content\/uploads\/2017\/04\/\u0161\u00e9fov\u00e1-1-300x191.jpg\" alt=\"\" width=\"300\" height=\"191\" srcset=\"https:\/\/www.veterinacaslav.cz\/wp-content\/uploads\/2017\/04\/\u0161\u00e9fov\u00e1-1-300x191.jpg 300w, https:\/\/www.veterinacaslav.cz\/wp-content\/uploads\/2017\/04\/\u0161\u00e9fov\u00e1-1-768x490.jpg 768w, https:\/\/www.veterinacaslav.cz\/wp-content\/uploads\/2017\/04\/\u0161\u00e9fov\u00e1-1-1024x654.jpg 1024w, https:\/\/www.veterinacaslav.cz\/wp-content\/uploads\/2017\/04\/\u0161\u00e9fov\u00e1-1.jpg 1697w\" sizes=\"auto, (max-width: 300px) 100vw, 300px\" \/><\/p>\n<p><span class=\"ff0 fs20\"><br \/>\nMVDr. Helena Adamcov\u00e1<\/span><span class=\"ff1 fs20\"> \u2013 <a title=\"Postgradu\u00e1ln\u00ed studium HA\" href=\"http:\/\/www.veterinacaslav.cz\/?page_id=255\"><span class=\"fs20\"><span class=\"ff1 cf0\">Postgradu\u00e1lni studium zde<\/span><\/span><\/a><\/span><\/p>\n<p><span class=\"ff1 fs20\"><span class=\"fs20\"><span class=\"ff1 cf0\">Mgr. Petr P\u00e1nek<\/span><\/span><\/span><\/p>\n<p><span class=\"ff1 fs20\">MVDr. Jarom\u00edr \u0160tursa \u2013 ortopedick\u00e1 chirurgie <a class=\"imCssLink\" href=\"http:\/\/www.veterinahb.cz\/\">www.veterinahb.cz<\/a><\/span><\/p>\n<p><strong>Kontakt<\/strong><br \/>\npevn\u00e1 linka: 327 315 598 (pouze v ordina\u010dn\u00edch hodin\u00e1ch)<br \/>\nT-mobil: 603 477 758 (pohotovost)<br \/>\nEmail: pavlin.vanova@seznam.cz<\/p>\n<p><strong>Ordina\u010dn\u00ed hodiny<\/strong><br \/>\nPo \u2013 P\u00e1 8-10 14-18<br \/>\nSo \u2013 9-10<br \/>\nNe objednan\u00ed pacienti<br \/>\nmimo pracovn\u00ed dobu pohotovost na tel: 603 477 758, no\u010dn\u00ed pohotovostn\u00ed slu\u017ebu neposkytujeme &#8211; viz: &#8222;spolupracujeme&#8220;<\/p>\n<p>&nbsp;<\/p>\n<p><strong>Adresa<\/strong><br \/>\nZahradn\u00ed ulice 1363<br \/>\n\u010c\u00e1slav 286 01<br \/>\nGPS: 49\u00b054\u201917.817\u2033N, 15\u00b023\u201922.093\u2033E<\/p>\n<p><img loading=\"lazy\" decoding=\"async\" class=\"alignnone size-medium wp-image-439\" src=\"http:\/\/www.veterinacaslav.cz\/wp-content\/uploads\/2017\/02\/VETERINAu-1-300x199.jpg\" alt=\"\" width=\"300\" height=\"199\" srcset=\"https:\/\/www.veterinacaslav.cz\/wp-content\/uploads\/2017\/02\/VETERINAu-1-300x199.jpg 300w, https:\/\/www.veterinacaslav.cz\/wp-content\/uploads\/2017\/02\/VETERINAu-1-768x510.jpg 768w, https:\/\/www.veterinacaslav.cz\/wp-content\/uploads\/2017\/02\/VETERINAu-1.jpg 1024w\" sizes=\"auto, (max-width: 300px) 100vw, 300px\" \/><\/p>\n<p><strong>Zde je odkaz na mapku a polohu na\u0161\u00ed kliniky: <\/strong><span class=\"ff1 fs20\"><small><a href=\"https:\/\/maps.google.cz\/maps?q=veterina+caslav&amp;hl=cs&amp;ie=UTF8&amp;view=map&amp;cid=9180397801560494530&amp;brcurrent=5,0,0&amp;source=embed&amp;t=h&amp;iwloc=A&amp;ll=49.904949,15.389475&amp;spn=0.006295,0.006295\">GoogleMaps<\/a><\/small><\/span><\/p>\n<p>&nbsp;<\/p>\n<\/div>\n","protected":false},"excerpt":{"rendered":"<p>Person\u00e1l na\u0161\u00ed kliniky MVDr. Pavl\u00edna P\u00e1nkov\u00e1 V\u00e1\u0148ov\u00e1 \u2013 Postgradu\u00e1lni studium zde MVDr. Helena Adamcov\u00e1 \u2013 Postgradu\u00e1lni studium zde Mgr. Petr P\u00e1nek MVDr. Jarom\u00edr \u0160tursa \u2013 ortopedick\u00e1 chirurgie www.veterinahb.cz Kontakt pevn\u00e1 linka: 327 315 598 (pouze v ordina\u010dn\u00edch hodin\u00e1ch) T-mobil: 603&#8230; <a href=\"https:\/\/www.veterinacaslav.cz\/?page_id=7\" class=\"readmore\">Read more<span class=\"screen-reader-text\">N\u00e1\u0161 t\u00fdm a kontakty<\/span><span class=\"fa fa-angle-double-right\" aria-hidden=\"true\"><\/span><\/a><\/p>\n","protected":false},"author":1,"featured_media":0,"parent":0,"menu_order":0,"comment_status":"closed","ping_status":"closed","template":"","meta":{"footnotes":""},"class_list":["post-7","page","type-page","status-publish","hentry"],"_links":{"self":[{"href":"https:\/\/www.veterinacaslav.cz\/index.php?rest_route=\/wp\/v2\/pages\/7","targetHints":{"allow":["GET"]}}],"collection":[{"href":"https:\/\/www.veterinacaslav.cz\/index.php?rest_route=\/wp\/v2\/pages"}],"about":[{"href":"https:\/\/www.veterinacaslav.cz\/index.php?rest_route=\/wp\/v2\/types\/page"}],"author":[{"embeddable":true,"href":"https:\/\/www.veterinacaslav.cz\/index.php?rest_route=\/wp\/v2\/users\/1"}],"replies":[{"embeddable":true,"href":"https:\/\/www.veterinacaslav.cz\/index.php?rest_route=%2Fwp%2Fv2%2Fcomments&post=7"}],"version-history":[{"count":15,"href":"https:\/\/www.veterinacaslav.cz\/index.php?rest_route=\/wp\/v2\/pages\/7\/revisions"}],"predecessor-version":[{"id":616,"href":"https:\/\/www.veterinacaslav.cz\/index.php?rest_route=\/wp\/v2\/pages\/7\/revisions\/616"}],"wp:attachment":[{"href":"https:\/\/www.veterinacaslav.cz\/index.php?rest_route=%2Fwp%2Fv2%2Fmedia&parent=7"}],"curies":[{"name":"wp","href":"https:\/\/api.w.org\/{rel}","templated":true}]}}