{"id":9,"date":"2016-11-05T22:00:50","date_gmt":"2016-11-05T21:00:50","guid":{"rendered":"http:\/\/www.veterinacaslav.cz\/?page_id=9"},"modified":"2017-04-04T15:58:02","modified_gmt":"2017-04-04T14:58:02","slug":"vybaveni","status":"publish","type":"page","link":"https:\/\/www.veterinacaslav.cz\/?page_id=9","title":{"rendered":"Vybaven\u00ed"},"content":{"rendered":"<h3 class=\"page-title\"><strong><span class=\"fs20\"><span class=\"ff1 cf0\">Veterin\u00e1rn\u00ed klinika je vybavena modern\u00edm vybaven\u00edm.<\/span><\/span><\/strong><\/h3>\n<div class=\"entry\">\n<p><b>Jedn\u00e1 se o:<\/b><br \/>\n\u2013<wbr \/><em>inhala\u010dn\u00ed anesteziologick\u00fd p\u0159\u00edstroj<\/em> <strong>Vetnar 2150<\/strong> s izofluranov\u00fdm odpa\u0159ova\u010dem a monitorem \u017eivotn\u00edch funkc\u00ed Vetmon 2150 \u2013<wbr \/> sleduje EKG, frekvenci srde\u010dn\u00ed, dechovou, parci\u00e1ln\u00ed tlak O2 a CO2, je vybaven <em>oxygen\u00e1torem<\/em> <strong>DeVILBISS<\/strong><\/p>\n<p><img loading=\"lazy\" decoding=\"async\" class=\"alignnone wp-image-200\" src=\"http:\/\/www.veterinacaslav.cz\/wp-content\/uploads\/2017\/01\/DSC02138-1-169x300.jpg\" alt=\"\" width=\"70\" height=\"124\" srcset=\"https:\/\/www.veterinacaslav.cz\/wp-content\/uploads\/2017\/01\/DSC02138-1-169x300.jpg 169w, https:\/\/www.veterinacaslav.cz\/wp-content\/uploads\/2017\/01\/DSC02138-1-576x1024.jpg 576w, https:\/\/www.veterinacaslav.cz\/wp-content\/uploads\/2017\/01\/DSC02138-1.jpg 675w\" sizes=\"auto, (max-width: 70px) 100vw, 70px\" \/><br \/>\n\u2013<wbr \/> <strong>Agfa CR 10-<wbr \/>X<\/strong> (<em>digit\u00e1ln\u00ed rengenov\u00e9 pracovi\u0161t\u011b<\/em>)<\/p>\n<p><img loading=\"lazy\" decoding=\"async\" class=\"alignnone wp-image-389\" src=\"http:\/\/www.veterinacaslav.cz\/wp-content\/uploads\/2017\/02\/DSC02137-300x169.jpg\" alt=\"\" width=\"128\" height=\"72\" srcset=\"https:\/\/www.veterinacaslav.cz\/wp-content\/uploads\/2017\/02\/DSC02137-300x169.jpg 300w, https:\/\/www.veterinacaslav.cz\/wp-content\/uploads\/2017\/02\/DSC02137-768x432.jpg 768w, https:\/\/www.veterinacaslav.cz\/wp-content\/uploads\/2017\/02\/DSC02137-1024x576.jpg 1024w, https:\/\/www.veterinacaslav.cz\/wp-content\/uploads\/2017\/02\/DSC02137.jpg 1200w\" sizes=\"auto, (max-width: 128px) 100vw, 128px\" \/><br \/>\n\u2013<wbr \/> <em>vysokofrekven\u010dn\u00ed RTG p\u0159\u00edstroj<\/em> <strong>Poskom-<wbr \/>40HF<\/strong><\/p>\n<p><img loading=\"lazy\" decoding=\"async\" class=\"alignnone wp-image-328\" src=\"http:\/\/www.veterinacaslav.cz\/wp-content\/uploads\/2017\/02\/DSC02129-e1486724467340-169x300.jpg\" alt=\"\" width=\"86\" height=\"153\" srcset=\"https:\/\/www.veterinacaslav.cz\/wp-content\/uploads\/2017\/02\/DSC02129-e1486724467340-169x300.jpg 169w, https:\/\/www.veterinacaslav.cz\/wp-content\/uploads\/2017\/02\/DSC02129-e1486724467340-576x1024.jpg 576w, https:\/\/www.veterinacaslav.cz\/wp-content\/uploads\/2017\/02\/DSC02129-e1486724467340.jpg 675w\" sizes=\"auto, (max-width: 86px) 100vw, 86px\" \/><\/p>\n<p>&#8211;\u00a0 nov\u00fd ultrazvukov\u00fd p\u0159\u00edstroj <strong>GE Logic C5 Premium<br \/>\n<\/strong><\/p>\n<p><strong><img loading=\"lazy\" decoding=\"async\" class=\"alignnone wp-image-591\" src=\"http:\/\/www.veterinacaslav.cz\/wp-content\/uploads\/2017\/04\/GE-Logiq-C5_rid-208x300.jpg\" alt=\"\" width=\"122\" height=\"176\" srcset=\"https:\/\/www.veterinacaslav.cz\/wp-content\/uploads\/2017\/04\/GE-Logiq-C5_rid-208x300.jpg 208w, https:\/\/www.veterinacaslav.cz\/wp-content\/uploads\/2017\/04\/GE-Logiq-C5_rid.jpg 565w\" sizes=\"auto, (max-width: 122px) 100vw, 122px\" \/><\/strong><br \/>\n\u2013<wbr \/> <em>ultrazvukov\u00fd p\u0159\u00edstroj<\/em> <strong>Chison 600vet<\/strong><br \/>\n\u2013<wbr \/> <em>zubn\u00ed ultrazvuk<\/em> <strong>Amdent<\/strong> + <em>zubn\u00ed vrta\u010dka<\/em> <strong>Chirana<\/strong><br \/>\n\u2013<wbr \/> <em>otoskop a oftalmoskop<\/em> <strong>Gowlands<\/strong><br \/>\n\u2013<wbr \/> <em>otoskop a laryngoskop<\/em> <strong>Heine<\/strong><br \/>\n\u2013<wbr \/> odst\u0159edivka MPW \u2013<wbr \/> 310, mikroodst\u0159edivka<br \/>\n\u2013<wbr \/> mikroskop MEOPTA<br \/>\n\u2013<wbr \/> <em>EKG<\/em> <strong>BTL 08WIN<\/strong><\/p>\n<p>\u2013<wbr \/> digit\u00e1ln\u00ed v\u00e1ha <strong>Soehnle<\/strong> 0,1-<wbr \/>100kg<br \/>\n\u2013<wbr \/> horkovzdu\u0161n\u00fd steriliz\u00e1tor <strong>Stericell 55 a HS62A<\/strong><\/p>\n<p><img loading=\"lazy\" decoding=\"async\" class=\"alignnone wp-image-193\" src=\"http:\/\/www.veterinacaslav.cz\/wp-content\/uploads\/2017\/01\/DSC02130-1-300x169.jpg\" alt=\"\" width=\"130\" height=\"73\" srcset=\"https:\/\/www.veterinacaslav.cz\/wp-content\/uploads\/2017\/01\/DSC02130-1-300x169.jpg 300w, https:\/\/www.veterinacaslav.cz\/wp-content\/uploads\/2017\/01\/DSC02130-1-768x432.jpg 768w, https:\/\/www.veterinacaslav.cz\/wp-content\/uploads\/2017\/01\/DSC02130-1-1024x576.jpg 1024w, https:\/\/www.veterinacaslav.cz\/wp-content\/uploads\/2017\/01\/DSC02130-1.jpg 1200w\" sizes=\"auto, (max-width: 130px) 100vw, 130px\" \/><\/p>\n<p>\u2013<wbr \/> <em>infuzn\u00ed pumpa<\/em> <strong>SKALA<\/strong> dvouokruhov\u00e1 s line\u00e1rn\u00edm d\u00e1vkova\u010dem<br \/>\n\u2013<wbr \/> <em>\u010dte\u010dka \u010dip\u016f<\/em> <strong>DataMars iMAX<\/strong><br \/>\n\u2013<wbr \/> chirurgick\u00e1 odsava\u010dka<br \/>\n\u2013<wbr \/> Shiotz\u016fv tonometr<br \/>\n\u2013<wbr \/> dv\u011b tetovac\u00ed soupravy<br \/>\n\u2013<wbr \/> hydraulick\u00e9 stoly, <em>st\u0159\u00edhac\u00ed strojky<\/em> <strong>Oster Golden A5<\/strong> , digit\u00e1ln\u00ed fotoapar\u00e1t<br \/>\n\u2013<em><wbr \/> veterin\u00e1rn\u00ed<\/em> <em>glukometr<\/em> <strong>Wellion Gluco Calea \u2013 <\/strong>upraven\u00fd na krev psa, ko\u010dky nebo kon\u011b<br \/>\n\u2013<wbr \/> <em>biochemick\u00fd analyz\u00e1tor<\/em> <strong>KODAK<\/strong> \u2013<wbr \/>vy\u0161et\u0159en\u00ed krve na na\u0161\u00ed klinice bez \u010dek\u00e1n\u00ed.<span class=\"ff0 fs20\"><br \/>\n\u2013<wbr \/> refraktometr<\/span><\/p>\n<p><span class=\"ff0 fs20\">\u2013<wbr \/> <em>hematologick\u00fd a<\/em><\/span><span class=\"ff0 fs20\"><em>nalyz\u00e1tor<\/em> <strong>Abaxis VetScan HM5<\/strong><\/span><\/p>\n<p><img loading=\"lazy\" decoding=\"async\" class=\"alignnone wp-image-196 alignleft\" src=\"http:\/\/www.veterinacaslav.cz\/wp-content\/uploads\/2017\/01\/DSC02133-1-169x300.jpg\" alt=\"\" width=\"74\" height=\"131\" srcset=\"https:\/\/www.veterinacaslav.cz\/wp-content\/uploads\/2017\/01\/DSC02133-1-169x300.jpg 169w, https:\/\/www.veterinacaslav.cz\/wp-content\/uploads\/2017\/01\/DSC02133-1-576x1024.jpg 576w, https:\/\/www.veterinacaslav.cz\/wp-content\/uploads\/2017\/01\/DSC02133-1.jpg 675w\" sizes=\"auto, (max-width: 74px) 100vw, 74px\" \/><\/p>\n<p>&nbsp;<\/p>\n<p>&nbsp;<\/p>\n<p>&nbsp;<\/p>\n<p>&nbsp;<\/p>\n<p>\u2013 <strong>Woodov<\/strong><strong>a lampa<\/strong><\/p>\n<\/div>\n","protected":false},"excerpt":{"rendered":"<p>Veterin\u00e1rn\u00ed klinika je vybavena modern\u00edm vybaven\u00edm. Jedn\u00e1 se o: \u2013inhala\u010dn\u00ed anesteziologick\u00fd p\u0159\u00edstroj Vetnar 2150 s izofluranov\u00fdm odpa\u0159ova\u010dem a monitorem \u017eivotn\u00edch funkc\u00ed Vetmon 2150 \u2013 sleduje EKG, frekvenci srde\u010dn\u00ed, dechovou, parci\u00e1ln\u00ed tlak O2 a CO2, je vybaven oxygen\u00e1torem DeVILBISS \u2013 Agfa&#8230; <a href=\"https:\/\/www.veterinacaslav.cz\/?page_id=9\" class=\"readmore\">Read more<span class=\"screen-reader-text\">Vybaven\u00ed<\/span><span class=\"fa fa-angle-double-right\" aria-hidden=\"true\"><\/span><\/a><\/p>\n","protected":false},"author":1,"featured_media":0,"parent":0,"menu_order":0,"comment_status":"closed","ping_status":"closed","template":"","meta":{"footnotes":""},"class_list":["post-9","page","type-page","status-publish","hentry"],"_links":{"self":[{"href":"https:\/\/www.veterinacaslav.cz\/index.php?rest_route=\/wp\/v2\/pages\/9","targetHints":{"allow":["GET"]}}],"collection":[{"href":"https:\/\/www.veterinacaslav.cz\/index.php?rest_route=\/wp\/v2\/pages"}],"about":[{"href":"https:\/\/www.veterinacaslav.cz\/index.php?rest_route=\/wp\/v2\/types\/page"}],"author":[{"embeddable":true,"href":"https:\/\/www.veterinacaslav.cz\/index.php?rest_route=\/wp\/v2\/users\/1"}],"replies":[{"embeddable":true,"href":"https:\/\/www.veterinacaslav.cz\/index.php?rest_route=%2Fwp%2Fv2%2Fcomments&post=9"}],"version-history":[{"count":7,"href":"https:\/\/www.veterinacaslav.cz\/index.php?rest_route=\/wp\/v2\/pages\/9\/revisions"}],"predecessor-version":[{"id":593,"href":"https:\/\/www.veterinacaslav.cz\/index.php?rest_route=\/wp\/v2\/pages\/9\/revisions\/593"}],"wp:attachment":[{"href":"https:\/\/www.veterinacaslav.cz\/index.php?rest_route=%2Fwp%2Fv2%2Fmedia&parent=9"}],"curies":[{"name":"wp","href":"https:\/\/api.w.org\/{rel}","templated":true}]}}